{"id":1080,"date":"2021-11-12T09:45:10","date_gmt":"2021-11-12T09:45:10","guid":{"rendered":"https:\/\/blockart-charity.sites.qsandbox.com\/?page_id=1080"},"modified":"2022-09-28T16:53:41","modified_gmt":"2022-09-28T14:53:41","slug":"about","status":"publish","type":"page","link":"https:\/\/nenuphar-argenteuil.fr\/index.php\/about\/","title":{"rendered":"A propos"},"content":{"rendered":"\n<div class=\"blockart-section blockart-section-b82c55d0\"><div class=\"blockart-container\"><div class=\"blockart-section-inner\">\n<div class=\"blockart-column blockart-column-a916f7f6\"><div class=\"blockart-column-inner\">\n<h2 class=\"blockart-heading blockart-heading-c9bce7b8\">Qui sommes-nous ?<\/h2>\n\n\n\n<div class=\"blockart-section blockart-section-ea8c199e\"><div class=\"blockart-container\"><div class=\"blockart-section-inner\">\n<div class=\"blockart-column blockart-column-df6bdf9d\"><div class=\"blockart-column-inner\">\n<figure class=\"wp-block-image size-full\"><img loading=\"lazy\" decoding=\"async\" width=\"1024\" height=\"724\" src=\"http:\/\/nenuphar-argenteuil.fr\/wp-content\/uploads\/2022\/09\/pngegg5-1.png\" alt=\"\" class=\"wp-image-1440\" srcset=\"https:\/\/nenuphar-argenteuil.fr\/wp-content\/uploads\/2022\/09\/pngegg5-1.png 1024w, https:\/\/nenuphar-argenteuil.fr\/wp-content\/uploads\/2022\/09\/pngegg5-1-300x212.png 300w, https:\/\/nenuphar-argenteuil.fr\/wp-content\/uploads\/2022\/09\/pngegg5-1-768x543.png 768w\" sizes=\"auto, (max-width: 1024px) 100vw, 1024px\" \/><\/figure>\n\n\n\n<h3 class=\"blockart-heading blockart-heading-f7923626\">Notre vision<\/h3>\n\n\n\n<p class=\"blockart-paragraph blockart-paragraph-cbe06b84\">L\u2019association favorise avant tout l\u2019\u00e9change et le partage entre femmes. nous reconnaissons la place centrale des femmes et leurs r\u00f4les dans la soci\u00e9t\u00e9. C\u2019est pourquoi nous \u0153uvrons \u00e0 la promotion de leur d\u00e9veloppement personnel, social, et professionnel par l\u2019\u00e9ducation, l\u2019\u00e9change et l\u2019entraide, ceci afin de leur donner les cl\u00e9s d\u2019une pleine int\u00e9gration dans la vie sociale.<\/p>\n\n\n<\/div><\/div>\n\n\n\n<div class=\"blockart-column blockart-column-4f9ee8b6\"><div class=\"blockart-column-inner\">\n<figure class=\"wp-block-image size-large\"><img loading=\"lazy\" decoding=\"async\" width=\"683\" height=\"1024\" src=\"http:\/\/nenuphar-argenteuil.fr\/wp-content\/uploads\/2022\/09\/pexels-alexander-suhorucov-6457564-683x1024.jpg\" alt=\"\" class=\"wp-image-1579\" srcset=\"https:\/\/nenuphar-argenteuil.fr\/wp-content\/uploads\/2022\/09\/pexels-alexander-suhorucov-6457564-683x1024.jpg 683w, https:\/\/nenuphar-argenteuil.fr\/wp-content\/uploads\/2022\/09\/pexels-alexander-suhorucov-6457564-200x300.jpg 200w, https:\/\/nenuphar-argenteuil.fr\/wp-content\/uploads\/2022\/09\/pexels-alexander-suhorucov-6457564-768x1152.jpg 768w, https:\/\/nenuphar-argenteuil.fr\/wp-content\/uploads\/2022\/09\/pexels-alexander-suhorucov-6457564-1024x1536.jpg 1024w, https:\/\/nenuphar-argenteuil.fr\/wp-content\/uploads\/2022\/09\/pexels-alexander-suhorucov-6457564-1365x2048.jpg 1365w, https:\/\/nenuphar-argenteuil.fr\/wp-content\/uploads\/2022\/09\/pexels-alexander-suhorucov-6457564-scaled.jpg 1706w\" sizes=\"auto, (max-width: 683px) 100vw, 683px\" \/><\/figure>\n\n\n\n<h3 class=\"blockart-heading blockart-heading-601be4f0\">Notre mission<\/h3>\n\n\n\n<p>deux principes sont au coeur de nos actions:&nbsp;<\/p>\n\n\n\n<p>-\u00e9change et solidarit\u00e9 \u00e0 travers nos activit\u00e9s culturelles, ludiques, gastronomiques.<\/p>\n\n\n\n<p>-Savoir et r\u00e9flexion \u00e0 travers nos s\u00e9minaires, panels, conf\u00e9rences, cours de langues.&nbsp;<\/p>\n\n\n<\/div><\/div>\n<\/div><\/div><\/div>\n<\/div><\/div>\n<\/div><\/div><\/div>\n\n\n\n<div class=\"blockart-section blockart-section-4cbdff45\"><div class=\"blockart-overlay\"><\/div><div class=\"blockart-container\"><div class=\"blockart-section-inner\">\n<div class=\"blockart-column blockart-column-d5029fe6\"><div class=\"blockart-column-inner\"><\/div><\/div>\n\n\n\n<div class=\"blockart-column blockart-column-4903d490\"><div class=\"blockart-column-inner\">\n<h2 class=\"blockart-heading blockart-heading-ec15b3bb\"><strong>3<\/strong><\/h2>\n\n\n\n<p class=\"blockart-paragraph blockart-paragraph-92e0009d\">B\u00e9n\u00e9voles<\/p>\n\n\n\n<h2 class=\"blockart-heading blockart-heading-8882ed45\"><strong><strong>8<\/strong><\/strong><\/h2>\n\n\n\n<p class=\"blockart-paragraph blockart-paragraph-364f34c1\"><strong>Projets<\/strong><\/p>\n<\/div><\/div>\n\n\n\n<div class=\"blockart-column blockart-column-fdde61ad\"><div class=\"blockart-column-inner\">\n<h2 class=\"blockart-heading blockart-heading-6c9addd4\"><strong><strong>30<\/strong><\/strong><\/h2>\n\n\n\n<p class=\"blockart-paragraph blockart-paragraph-9aaa4857\"><strong>Activit\u00e9s<\/strong><\/p>\n\n\n\n<h2 class=\"blockart-heading blockart-heading-1b019620\"><strong><strong><strong>449<\/strong><\/strong><\/strong><\/h2>\n\n\n\n<p class=\"blockart-paragraph blockart-paragraph-47f3bb4f\"><strong><strong>Participants<\/strong><\/strong><\/p>\n<\/div><\/div>\n<\/div><\/div><\/div>\n\n\n\n<div class=\"blockart-section blockart-section-ca0ad949\"><div class=\"blockart-container\"><div class=\"blockart-section-inner\">\n<div class=\"blockart-column blockart-column-40803a0f\"><div class=\"blockart-column-inner\">\n<h2 class=\"blockart-heading blockart-heading-d48fc3b1\"><strong>Devenir volontaire ?<\/strong><\/h2>\n\n\n\n<p class=\"blockart-paragraph blockart-paragraph-3dd87627\">Vous souhaitez vous engager dans l&#8217;association, c&#8217;est par ici &#8230;<\/p>\n\n\n\n<div class=\"blockart-button blockart-button-2752b7a0 \"><a class=\"blockart-button-link is-custom is-style-filled\">Je deviens volontaire<\/a><\/div>\n<\/div><\/div>\n\n\n\n<div class=\"blockart-column blockart-column-fa72b3ef\"><div class=\"blockart-column-inner\">\n<figure class=\"wp-block-image size-full is-resized\"><img loading=\"lazy\" decoding=\"async\" src=\"http:\/\/nenuphar-argenteuil.fr\/wp-content\/uploads\/2022\/09\/pngegg2-1.png\" alt=\"\" class=\"wp-image-1444\" width=\"470\" height=\"380\" srcset=\"https:\/\/nenuphar-argenteuil.fr\/wp-content\/uploads\/2022\/09\/pngegg2-1.png 626w, https:\/\/nenuphar-argenteuil.fr\/wp-content\/uploads\/2022\/09\/pngegg2-1-300x242.png 300w\" sizes=\"auto, (max-width: 470px) 100vw, 470px\" \/><\/figure>\n<\/div><\/div>\n<\/div><\/div><\/div>\n","protected":false},"excerpt":{"rendered":"","protected":false},"author":1,"featured_media":0,"parent":0,"menu_order":0,"comment_status":"closed","ping_status":"closed","template":"page-templates\/pagebuilder.php","meta":{"footnotes":""},"class_list":["post-1080","page","type-page","status-publish","hentry"],"_links":{"self":[{"href":"https:\/\/nenuphar-argenteuil.fr\/index.php\/wp-json\/wp\/v2\/pages\/1080","targetHints":{"allow":["GET"]}}],"collection":[{"href":"https:\/\/nenuphar-argenteuil.fr\/index.php\/wp-json\/wp\/v2\/pages"}],"about":[{"href":"https:\/\/nenuphar-argenteuil.fr\/index.php\/wp-json\/wp\/v2\/types\/page"}],"author":[{"embeddable":true,"href":"https:\/\/nenuphar-argenteuil.fr\/index.php\/wp-json\/wp\/v2\/users\/1"}],"replies":[{"embeddable":true,"href":"https:\/\/nenuphar-argenteuil.fr\/index.php\/wp-json\/wp\/v2\/comments?post=1080"}],"version-history":[{"count":7,"href":"https:\/\/nenuphar-argenteuil.fr\/index.php\/wp-json\/wp\/v2\/pages\/1080\/revisions"}],"predecessor-version":[{"id":1637,"href":"https:\/\/nenuphar-argenteuil.fr\/index.php\/wp-json\/wp\/v2\/pages\/1080\/revisions\/1637"}],"wp:attachment":[{"href":"https:\/\/nenuphar-argenteuil.fr\/index.php\/wp-json\/wp\/v2\/media?parent=1080"}],"curies":[{"name":"wp","href":"https:\/\/api.w.org\/{rel}","templated":true}]}}