{"id":1383,"date":"2015-07-29T13:44:44","date_gmt":"2015-07-29T13:44:44","guid":{"rendered":"https:\/\/blockart-charity.sites.qsandbox.com\/?page_id=4"},"modified":"2022-09-29T11:02:06","modified_gmt":"2022-09-29T09:02:06","slug":"home","status":"publish","type":"page","link":"https:\/\/nenuphar-argenteuil.fr\/","title":{"rendered":"Accueil"},"content":{"rendered":"\n<div class=\"blockart-section blockart-section-c92f123d\"><div class=\"blockart-container\"><div class=\"blockart-section-inner\">\n<div class=\"blockart-column blockart-column-e8e289bc\"><div class=\"blockart-column-inner\">\n<h2 class=\"blockart-heading blockart-heading-4d3a536a\">Qui sommes-nous ?<\/h2>\n<\/div><\/div>\n<\/div><\/div><\/div>\n\n\n\n<div class=\"blockart-section blockart-section-73020bf8\"><div class=\"blockart-container\"><div class=\"blockart-section-inner\">\n<div class=\"blockart-column blockart-column-4e18c550\"><div class=\"blockart-column-inner\">\n<div class=\"blockart-section blockart-section-522fe2b3\"><div class=\"blockart-container\"><div class=\"blockart-section-inner\">\n<div class=\"blockart-column blockart-column-2d31f1cb\"><div class=\"blockart-column-inner\">\n<p>L\u2019association N\u00e9nuphar est une association \u00e0 but non lucratif cr\u00e9\u00e9e en 2015 par un groupe de femmes port\u00e9es par une volont\u00e9 d\u2019offrir un espace de rencontres \u00e0 des personnes d\u2019horizons diff\u00e9rents et de d\u00e9velopper l\u2019\u00e9change et le vivre-ensemble au sein de la Cit\u00e9. Conscientes des in\u00e9galit\u00e9s sociales au sein du territoire et attach\u00e9es aux valeurs de partage et de solidarit\u00e9, les fondatrices de l\u2019association et leurs b\u00e9n\u00e9voles multiplient depuis 7 ans les activit\u00e9s culturelles, sportives et \u00e9ducatives \u00e0 destination des femmes, des hommes, des jeunes et des enfants, en particulier issus des quartiers prioritaires.<\/p>\n\n\n\n<div class=\"blockart-button blockart-button-cbf31029 \"><a class=\"blockart-button-link is-custom is-style-filled\" href=\"http:\/\/nenuphar-argenteuil.fr\/index.php\/about\/\">EN SAVOIR PLUS<\/a><\/div>\n<\/div><\/div>\n\n\n\n<div class=\"blockart-column blockart-column-54c1c1c8\"><div class=\"blockart-column-inner\">\n<figure class=\"wp-block-image size-large is-resized is-style-default\"><img decoding=\"async\" src=\"http:\/\/nenuphar-argenteuil.fr\/wp-content\/uploads\/2022\/09\/22857827-AE50-45E2-80CD-2AE6876A4B13_1_105_c-1024x725.jpeg\" alt=\"\" class=\"wp-image-1606\" height=\"500\" srcset=\"https:\/\/nenuphar-argenteuil.fr\/wp-content\/uploads\/2022\/09\/22857827-AE50-45E2-80CD-2AE6876A4B13_1_105_c-1024x725.jpeg 1024w, https:\/\/nenuphar-argenteuil.fr\/wp-content\/uploads\/2022\/09\/22857827-AE50-45E2-80CD-2AE6876A4B13_1_105_c-300x212.jpeg 300w, https:\/\/nenuphar-argenteuil.fr\/wp-content\/uploads\/2022\/09\/22857827-AE50-45E2-80CD-2AE6876A4B13_1_105_c-768x544.jpeg 768w, https:\/\/nenuphar-argenteuil.fr\/wp-content\/uploads\/2022\/09\/22857827-AE50-45E2-80CD-2AE6876A4B13_1_105_c.jpeg 1054w\" sizes=\"(max-width: 1024px) 100vw, 1024px\" \/><\/figure>\n<\/div><\/div>\n<\/div><\/div><\/div>\n<\/div><\/div>\n<\/div><\/div><\/div>\n\n\n\n<div class=\"blockart-section blockart-section-e679fce9\"><div class=\"blockart-container\"><div class=\"blockart-section-inner\">\n<div class=\"blockart-column blockart-column-29182167\"><div class=\"blockart-column-inner\">\n<h2 class=\"blockart-heading blockart-heading-c4f7c33d\">Ce que l&#8217;on propose<\/h2>\n<\/div><\/div>\n<\/div><\/div><\/div>\n\n\n\n<div class=\"blockart-section blockart-section-2c97a254\"><div class=\"blockart-container\"><div class=\"blockart-section-inner\">\n<div class=\"blockart-column blockart-column-b375c97a\"><div class=\"blockart-column-inner\">\n<div class=\"blockart-section blockart-section-121c0b5a\"><div class=\"blockart-container\"><div class=\"blockart-section-inner\">\n<div class=\"blockart-column blockart-column-c30defd5\"><div class=\"blockart-column-inner\">\n<h3 class=\"blockart-heading blockart-heading-359b187b\">Panel\/conf\u00e9rence<\/h3>\n\n\n\n<p class=\"blockart-paragraph blockart-paragraph-6cf72317\"> Nous organisons diff\u00e9rents panels, conf\u00e9rences, s\u00e9minaires et brunchs autour de th\u00e8mes aussi vari\u00e9s que l&#8217;\u00e9ducation, les questions li\u00e9es \u00e0 la places des femmes dans la soci\u00e9t\u00e9, la coh\u00e9sion sociale, la sant\u00e9, les questions d&#8217;\u00e9cologie&#8230;<\/p>\n<\/div><\/div>\n\n\n\n<div class=\"blockart-column blockart-column-7c8294db\"><div class=\"blockart-column-inner\">\n<h2 class=\"blockart-heading blockart-heading-89cca4a5\">Cours\/ateliers<\/h2>\n\n\n\n<p class=\"blockart-paragraph blockart-paragraph-33efd4cf\">Nous proposons des cours \u00e9ducatifs et culturels, tout publics et tout \u00e2ges, pris en charge par des professionels: des cours de langues (Fran\u00e7ais, Anglais) et des ateliers (Art h\u00e9breu, arts manuels: tricot, crochet, patchwork, couture, cours de Oud&#8230;), activit\u00e9s sportives (Step, Zumba). <\/p>\n<\/div><\/div>\n\n\n\n<div class=\"blockart-column blockart-column-c2d651ca\"><div class=\"blockart-column-inner\">\n<h3 class=\"blockart-heading blockart-heading-d4168b83\">D\u00eeners\/Soir\u00e9e culturelles<\/h3>\n\n\n\n<p class=\"blockart-paragraph blockart-paragraph-1635aea5\">Nos d\u00eeners du Vivre Ensemble et nos soir\u00e9es culturelles organis\u00e9s une fois par mois dans nos locaux sont une occasion pour tous de se divertir dans une ambiance d&#8217;\u00e9change multiculturels tout en permettant de rompre avec l&#8217;isolement et la solitude.<\/p>\n<\/div><\/div>\n<\/div><\/div><\/div>\n\n\n\n<div class=\"blockart-section blockart-section-5899f73f\"><div class=\"blockart-container\"><div class=\"blockart-section-inner\">\n<div class=\"blockart-column blockart-column-d38344a1\"><div class=\"blockart-column-inner\"><\/div><\/div>\n\n\n\n<div class=\"blockart-column blockart-column-21c77c32\"><div class=\"blockart-column-inner\"><\/div><\/div>\n\n\n\n<div class=\"blockart-column blockart-column-3427c295\"><div class=\"blockart-column-inner\"><\/div><\/div>\n<\/div><\/div><\/div>\n\n\n\n<div class=\"blockart-button blockart-button-2129d159 \"><a class=\"blockart-button-link is-custom is-style-filled\">En SAVOIR PLUS<\/a><\/div>\n<\/div><\/div>\n<\/div><\/div><\/div>\n\n\n\n<div class=\"wp-block-columns is-layout-flex wp-container-core-columns-is-layout-9d6595d7 wp-block-columns-is-layout-flex\">\n<div class=\"wp-block-column is-layout-flow wp-block-column-is-layout-flow\" style=\"flex-basis:100%\">\n<div class=\"blockart-section blockart-section-e804b1c8\"><div class=\"blockart-overlay\"><\/div><div class=\"blockart-container\"><div class=\"blockart-section-inner blockart-height-fit-to-screen\">\n<div class=\"blockart-column blockart-column-598e6f60\"><div class=\"blockart-column-inner\">\n<h1 class=\"blockart-heading blockart-heading-0d0eb3ae\">Association N\u00e9nuphar<\/h1>\n\n\n\n<p class=\"blockart-paragraph blockart-paragraph-92b05017\">Promouvoir l&#8217;\u00e9panouissement et le r\u00f4le de la femme dans la soci\u00e9t\u00e9<\/p>\n\n\n\n<div class=\"blockart-button blockart-button-a0316d59 \"><a class=\"blockart-button-link is-custom is-style-filled\" href=\"http:\/\/nenuphar-argenteuil.fr\/index.php\/adherez\/\">Adh\u00e9rez<\/a><\/div>\n<\/div><\/div>\n<\/div><\/div><\/div>\n<\/div>\n<\/div>\n\n\n\n<div class=\"blockart-section blockart-section-e4c4eb53\"><div class=\"blockart-overlay\"><\/div><div class=\"blockart-container\"><div class=\"blockart-section-inner\">\n<div class=\"blockart-column blockart-column-7077f613\"><div class=\"blockart-column-inner\"><\/div><\/div>\n\n\n\n<div class=\"blockart-column blockart-column-559ab9ac\"><div class=\"blockart-column-inner\">\n<h2 class=\"blockart-heading blockart-heading-c8ee4c53\"><strong>Vous souhaitez contribuer<\/strong><\/h2>\n\n\n\n<p class=\"blockart-paragraph blockart-paragraph-f3f01f8a\">Vous pensez pouvoir nous aider \u00e0 aider les autres!<\/p>\n\n\n\n<div class=\"blockart-button blockart-button-6903e838 \"><a class=\"blockart-button-link is-custom is-style-filled\">C&#8217;est par ici<\/a><\/div>\n<\/div><\/div>\n<\/div><\/div><\/div>\n","protected":false},"excerpt":{"rendered":"","protected":false},"author":1,"featured_media":0,"parent":0,"menu_order":0,"comment_status":"open","ping_status":"open","template":"page-templates\/pagebuilder.php","meta":{"footnotes":""},"class_list":["post-1383","page","type-page","status-publish","hentry"],"_links":{"self":[{"href":"https:\/\/nenuphar-argenteuil.fr\/index.php\/wp-json\/wp\/v2\/pages\/1383","targetHints":{"allow":["GET"]}}],"collection":[{"href":"https:\/\/nenuphar-argenteuil.fr\/index.php\/wp-json\/wp\/v2\/pages"}],"about":[{"href":"https:\/\/nenuphar-argenteuil.fr\/index.php\/wp-json\/wp\/v2\/types\/page"}],"author":[{"embeddable":true,"href":"https:\/\/nenuphar-argenteuil.fr\/index.php\/wp-json\/wp\/v2\/users\/1"}],"replies":[{"embeddable":true,"href":"https:\/\/nenuphar-argenteuil.fr\/index.php\/wp-json\/wp\/v2\/comments?post=1383"}],"version-history":[{"count":13,"href":"https:\/\/nenuphar-argenteuil.fr\/index.php\/wp-json\/wp\/v2\/pages\/1383\/revisions"}],"predecessor-version":[{"id":1609,"href":"https:\/\/nenuphar-argenteuil.fr\/index.php\/wp-json\/wp\/v2\/pages\/1383\/revisions\/1609"}],"wp:attachment":[{"href":"https:\/\/nenuphar-argenteuil.fr\/index.php\/wp-json\/wp\/v2\/media?parent=1383"}],"curies":[{"name":"wp","href":"https:\/\/api.w.org\/{rel}","templated":true}]}}