{"id":1519,"date":"2022-09-15T21:46:04","date_gmt":"2022-09-15T19:46:04","guid":{"rendered":"http:\/\/nenuphar-argenteuil.fr\/?page_id=1519"},"modified":"2022-09-29T11:05:54","modified_gmt":"2022-09-29T09:05:54","slug":"adherez","status":"publish","type":"page","link":"https:\/\/nenuphar-argenteuil.fr\/index.php\/adherez\/","title":{"rendered":"Adh\u00e9rer"},"content":{"rendered":"\n<div class=\"blockart-section blockart-section-432a3409\"><div class=\"blockart-container\"><div class=\"blockart-section-inner\"><\/div><\/div><\/div>\n\n\n\n<div class=\"blockart-section blockart-section-6dbea2a6\"><div class=\"blockart-container\"><div class=\"blockart-section-inner\">\n<div class=\"blockart-column blockart-column-2a8f717d\"><div class=\"blockart-column-inner\">\n<div class=\"blockart-image blockart-image-7533e519\"><img decoding=\"async\" src=\"http:\/\/nenuphar-argenteuil.fr\/wp-content\/uploads\/2022\/09\/pexels-cytonn-photography-955389-1-scaled.jpg\" alt=\"\"\/><\/div>\n<\/div><\/div>\n\n\n\n<div class=\"blockart-column blockart-column-89717047\"><div class=\"blockart-column-inner\">\n<h2 class=\"blockart-heading blockart-heading-09c91258\">Rejoingnez-nous<\/h2>\n\n\n\n<p class=\"blockart-paragraph blockart-paragraph-e86873da\">Pour nous rejoindre rien de plus simple! il vous suffit de remplir une fiche d&#8217;information contenant nom, pr\u00e9nom, adresse, num\u00e9ro de t\u00e9l\u00e9phone &#8230;etc et d&#8217;une participation \u00e0 hauteur de 20 euro. L&#8217;adh\u00e9sion est annuelle c&#8217;est \u00e0 dire qu&#8217;elle est valable jusqu&#8217;au 31 ao\u00fbt de l&#8217;ann\u00e9e suivante et est familiale. <\/p>\n<\/div><\/div>\n<\/div><\/div><\/div>\n","protected":false},"excerpt":{"rendered":"","protected":false},"author":1,"featured_media":0,"parent":0,"menu_order":0,"comment_status":"closed","ping_status":"closed","template":"","meta":{"footnotes":""},"class_list":["post-1519","page","type-page","status-publish","hentry"],"_links":{"self":[{"href":"https:\/\/nenuphar-argenteuil.fr\/index.php\/wp-json\/wp\/v2\/pages\/1519","targetHints":{"allow":["GET"]}}],"collection":[{"href":"https:\/\/nenuphar-argenteuil.fr\/index.php\/wp-json\/wp\/v2\/pages"}],"about":[{"href":"https:\/\/nenuphar-argenteuil.fr\/index.php\/wp-json\/wp\/v2\/types\/page"}],"author":[{"embeddable":true,"href":"https:\/\/nenuphar-argenteuil.fr\/index.php\/wp-json\/wp\/v2\/users\/1"}],"replies":[{"embeddable":true,"href":"https:\/\/nenuphar-argenteuil.fr\/index.php\/wp-json\/wp\/v2\/comments?post=1519"}],"version-history":[{"count":8,"href":"https:\/\/nenuphar-argenteuil.fr\/index.php\/wp-json\/wp\/v2\/pages\/1519\/revisions"}],"predecessor-version":[{"id":1610,"href":"https:\/\/nenuphar-argenteuil.fr\/index.php\/wp-json\/wp\/v2\/pages\/1519\/revisions\/1610"}],"wp:attachment":[{"href":"https:\/\/nenuphar-argenteuil.fr\/index.php\/wp-json\/wp\/v2\/media?parent=1519"}],"curies":[{"name":"wp","href":"https:\/\/api.w.org\/{rel}","templated":true}]}}