{"id":2,"date":"2022-08-26T09:51:16","date_gmt":"2022-08-26T07:51:16","guid":{"rendered":"http:\/\/nenuphar-argenteuil.fr\/?page_id=2"},"modified":"2022-10-04T15:39:54","modified_gmt":"2022-10-04T13:39:54","slug":"permanents","status":"publish","type":"page","link":"https:\/\/nenuphar-argenteuil.fr\/index.php\/atelier\/permanents\/","title":{"rendered":"Ateliers permanents"},"content":{"rendered":"\n<div class=\"blockart-section blockart-section-576385b7\"><div class=\"blockart-container\"><div class=\"blockart-section-inner\">\n<div class=\"blockart-column blockart-column-eefcae0e\"><div class=\"blockart-column-inner\">\n<h2 class=\"blockart-heading blockart-heading-ebedb899\">Atelier permanents<\/h2>\n\n\n\n<p class=\"blockart-paragraph blockart-paragraph-e5018010\">Durant l&#8217;ann\u00e9e, nous proposons des ateliers permanents, voici une liste exhaustive:<\/p>\n\n\n\n<p><\/p>\n<\/div><\/div>\n<\/div><\/div><\/div>\n\n\n\n<div class=\"blockart-section blockart-section-4f7f5efd\"><div class=\"blockart-container\"><div class=\"blockart-section-inner\">\n<div class=\"blockart-column blockart-column-989c7a09\"><div class=\"blockart-column-inner\">\n<h3 class=\"blockart-heading blockart-heading-138f2ffc\">Chili dance<\/h3>\n\n\n\n<p class=\"blockart-paragraph blockart-paragraph-7b2c4cf0\">Les cours de chili dance s&#8217;effectuent aux c\u00f4t\u00e9s de notre intervenante Anastasia, tous les lundis soirs (hors vacances) de 19h30 \u00e0 20h30, \u00e0 maison de quartier du centre-ville.<\/p>\n<\/div><\/div>\n\n\n\n<div class=\"blockart-column blockart-column-eda6aa1a\"><div class=\"blockart-column-inner\">\n<h3 class=\"blockart-heading blockart-heading-e180801f\">Anglais adultes <\/h3>\n\n\n\n<p class=\"blockart-paragraph blockart-paragraph-c91a9c32\">Les cours d&#8217;anglais adultes se d\u00e9roulent le mardi de 19h \u00e0 20h30, dans nos locaux au 23 avenue Gabriel P\u00e9ri.<\/p>\n<\/div><\/div>\n<\/div><\/div><\/div>\n\n\n\n<div class=\"blockart-section blockart-section-af48de04\"><div class=\"blockart-container\"><div class=\"blockart-section-inner\">\n<div class=\"blockart-column blockart-column-6f396617\"><div class=\"blockart-column-inner\">\n<h3 class=\"blockart-heading blockart-heading-727d46d8\">Anglais enfants <\/h3>\n\n\n\n<p class=\"blockart-paragraph blockart-paragraph-2a5b125e\">Les cours d&#8217;anglais enfant se d\u00e9roulent le mardi de 17h \u00e0 18h30 ou le mercredi de 10h \u00e0 11h30, dans nos locaux au 23 avenue Gabriel P\u00e9ri. <\/p>\n<\/div><\/div>\n\n\n\n<div class=\"blockart-column blockart-column-a9e1ca52\"><div class=\"blockart-column-inner\">\n<h3 class=\"blockart-heading blockart-heading-68bfff6f\">Fran\u00e7ais Langue Etrang\u00e8re<\/h3>\n\n\n\n<p class=\"blockart-paragraph blockart-paragraph-ef16a047\">Les cours de fran\u00e7ais ont lieu le jeudi de 9h30 \u00e0 11h, \u00e0 maison quartier du centre-ville, 7 rue des Gobelins.<\/p>\n<\/div><\/div>\n<\/div><\/div><\/div>\n\n\n\n<div class=\"blockart-section blockart-section-c952e597\"><div class=\"blockart-container\"><div class=\"blockart-section-inner\">\n<div class=\"blockart-column blockart-column-4f6443b6\"><div class=\"blockart-column-inner\"><\/div><\/div>\n<\/div><\/div><\/div>\n\n\n\n<div class=\"blockart-section blockart-section-69588cd0\"><div class=\"blockart-container\"><div class=\"blockart-section-inner\">\n<div class=\"blockart-column blockart-column-cbac1de4\"><div class=\"blockart-column-inner\"><\/div><\/div>\n<\/div><\/div><\/div>\n","protected":false},"excerpt":{"rendered":"","protected":false},"author":1,"featured_media":0,"parent":1484,"menu_order":0,"comment_status":"closed","ping_status":"closed","template":"","meta":{"footnotes":""},"class_list":["post-2","page","type-page","status-publish","hentry"],"_links":{"self":[{"href":"https:\/\/nenuphar-argenteuil.fr\/index.php\/wp-json\/wp\/v2\/pages\/2","targetHints":{"allow":["GET"]}}],"collection":[{"href":"https:\/\/nenuphar-argenteuil.fr\/index.php\/wp-json\/wp\/v2\/pages"}],"about":[{"href":"https:\/\/nenuphar-argenteuil.fr\/index.php\/wp-json\/wp\/v2\/types\/page"}],"author":[{"embeddable":true,"href":"https:\/\/nenuphar-argenteuil.fr\/index.php\/wp-json\/wp\/v2\/users\/1"}],"replies":[{"embeddable":true,"href":"https:\/\/nenuphar-argenteuil.fr\/index.php\/wp-json\/wp\/v2\/comments?post=2"}],"version-history":[{"count":16,"href":"https:\/\/nenuphar-argenteuil.fr\/index.php\/wp-json\/wp\/v2\/pages\/2\/revisions"}],"predecessor-version":[{"id":1641,"href":"https:\/\/nenuphar-argenteuil.fr\/index.php\/wp-json\/wp\/v2\/pages\/2\/revisions\/1641"}],"up":[{"embeddable":true,"href":"https:\/\/nenuphar-argenteuil.fr\/index.php\/wp-json\/wp\/v2\/pages\/1484"}],"wp:attachment":[{"href":"https:\/\/nenuphar-argenteuil.fr\/index.php\/wp-json\/wp\/v2\/media?parent=2"}],"curies":[{"name":"wp","href":"https:\/\/api.w.org\/{rel}","templated":true}]}}